{"id":5,"date":"2022-05-24T18:57:38","date_gmt":"2022-05-24T16:57:38","guid":{"rendered":"https:\/\/www.hollarka.net\/2022\/aquamon\/?page_id=5"},"modified":"2022-05-26T13:23:45","modified_gmt":"2022-05-26T11:23:45","slug":"aquamon","status":"publish","type":"page","link":"https:\/\/www.hollarka.net\/2022\/aquamon\/","title":{"rendered":""},"content":{"rendered":"\t\t<div data-elementor-type=\"wp-page\" data-elementor-id=\"5\" class=\"elementor elementor-5\">\n\t\t\t\t\t\t\t\t\t<section class=\"elementor-section elementor-top-section elementor-element elementor-element-68711019 elementor-section-content-space-between elementor-section-boxed elementor-section-height-default elementor-section-height-default\" data-id=\"68711019\" data-element_type=\"section\" data-settings=\"{&quot;background_background&quot;:&quot;classic&quot;}\">\n\t\t\t\t\t\t\t<div class=\"elementor-background-overlay\"><\/div>\n\t\t\t\t\t\t\t<div class=\"elementor-container elementor-column-gap-no\">\n\t\t\t\t\t<div class=\"elementor-column elementor-col-100 elementor-top-column elementor-element elementor-element-2da480f\" data-id=\"2da480f\" data-element_type=\"column\">\n\t\t\t<div class=\"elementor-widget-wrap elementor-element-populated\">\n\t\t\t\t\t\t\t\t<section class=\"elementor-section elementor-inner-section elementor-element elementor-element-4281e1be elementor-section-content-middle elementor-section-boxed elementor-section-height-default elementor-section-height-default\" data-id=\"4281e1be\" data-element_type=\"section\" data-settings=\"{&quot;background_background&quot;:&quot;gradient&quot;}\">\n\t\t\t\t\t\t<div class=\"elementor-container elementor-column-gap-default\">\n\t\t\t\t\t<div class=\"elementor-column elementor-col-100 elementor-inner-column elementor-element elementor-element-285a4ede\" data-id=\"285a4ede\" data-element_type=\"column\">\n\t\t\t<div class=\"elementor-widget-wrap elementor-element-populated\">\n\t\t\t\t\t\t\t\t<div class=\"elementor-element elementor-element-168bd961 elementor-aspect-ratio-169 elementor-widget elementor-widget-video\" data-id=\"168bd961\" data-element_type=\"widget\" data-settings=\"{&quot;show_image_overlay&quot;:&quot;yes&quot;,&quot;image_overlay&quot;:{&quot;url&quot;:&quot;https:\\\/\\\/www.hollarka.net\\\/2022\\\/aquamon\\\/wp-content\\\/uploads\\\/2022\\\/05\\\/Tlacitko.png&quot;,&quot;id&quot;:113,&quot;alt&quot;:&quot;&quot;,&quot;source&quot;:&quot;library&quot;},&quot;lightbox&quot;:&quot;yes&quot;,&quot;lightbox_content_animation&quot;:&quot;fadeIn&quot;,&quot;video_type&quot;:&quot;hosted&quot;,&quot;mute&quot;:&quot;yes&quot;,&quot;loop&quot;:&quot;yes&quot;,&quot;controls&quot;:&quot;yes&quot;,&quot;aspect_ratio&quot;:&quot;169&quot;}\" data-widget_type=\"video.default\">\n\t\t\t\t<div class=\"elementor-widget-container\">\n\t\t\t<style>\/*! elementor - v3.6.5 - 27-04-2022 *\/\n.elementor-widget-video .elementor-widget-container{overflow:hidden;-webkit-transform:translateZ(0);transform:translateZ(0)}.elementor-widget-video .elementor-open-inline .elementor-custom-embed-image-overlay{position:absolute;top:0;left:0;width:100%;height:100%;background-size:cover;background-position:50%}.elementor-widget-video .elementor-custom-embed-image-overlay{cursor:pointer;text-align:center}.elementor-widget-video .elementor-custom-embed-image-overlay:hover .elementor-custom-embed-play i{opacity:1}.elementor-widget-video .elementor-custom-embed-image-overlay img{display:block;width:100%}.elementor-widget-video .e-hosted-video .elementor-video{-o-object-fit:cover;object-fit:cover}<\/style>\t\t<div class=\"e-hosted-video elementor-wrapper elementor-open-lightbox\">\n\t\t\t\t\t\t\t<div class=\"elementor-custom-embed-image-overlay\" data-elementor-open-lightbox=\"yes\" data-elementor-lightbox=\"{&quot;type&quot;:&quot;video&quot;,&quot;videoType&quot;:&quot;hosted&quot;,&quot;url&quot;:&quot;https:\\\/\\\/www.hollarka.net\\\/2022\\\/aquamon\\\/wp-content\\\/uploads\\\/2022\\\/05\\\/FILM.mp4&quot;,&quot;modalOptions&quot;:{&quot;id&quot;:&quot;elementor-lightbox-168bd961&quot;,&quot;entranceAnimation&quot;:&quot;fadeIn&quot;,&quot;entranceAnimation_tablet&quot;:&quot;&quot;,&quot;entranceAnimation_mobile&quot;:&quot;&quot;,&quot;videoAspectRatio&quot;:&quot;169&quot;},&quot;videoParams&quot;:{&quot;loop&quot;:&quot;&quot;,&quot;controls&quot;:&quot;&quot;,&quot;muted&quot;:&quot;muted&quot;,&quot;controlsList&quot;:&quot;nodownload&quot;}}\" e-action-hash=\"#elementor-action%3Aaction%3Dlightbox%26settings%3DeyJ0eXBlIjoidmlkZW8iLCJ2aWRlb1R5cGUiOiJob3N0ZWQiLCJ1cmwiOiJodHRwczpcL1wvd3d3LmhvbGxhcmthLm5ldFwvMjAyMlwvYXF1YW1vblwvd3AtY29udGVudFwvdXBsb2Fkc1wvMjAyMlwvMDVcL0ZJTE0ubXA0IiwibW9kYWxPcHRpb25zIjp7ImlkIjoiZWxlbWVudG9yLWxpZ2h0Ym94LTE2OGJkOTYxIiwiZW50cmFuY2VBbmltYXRpb24iOiJmYWRlSW4iLCJlbnRyYW5jZUFuaW1hdGlvbl90YWJsZXQiOiIiLCJlbnRyYW5jZUFuaW1hdGlvbl9tb2JpbGUiOiIiLCJ2aWRlb0FzcGVjdFJhdGlvIjoiMTY5In0sInZpZGVvUGFyYW1zIjp7Imxvb3AiOiIiLCJjb250cm9scyI6IiIsIm11dGVkIjoibXV0ZWQiLCJjb250cm9sc0xpc3QiOiJub2Rvd25sb2FkIn19\">\n\t\t\t\t\t\t\t\t\t\t\t<img width=\"212\" height=\"213\" src=\"https:\/\/www.hollarka.net\/2022\/aquamon\/wp-content\/uploads\/2022\/05\/Tlacitko.png\" class=\"attachment-full size-full\" alt=\"\" loading=\"lazy\" srcset=\"https:\/\/www.hollarka.net\/2022\/aquamon\/wp-content\/uploads\/2022\/05\/Tlacitko.png 212w, https:\/\/www.hollarka.net\/2022\/aquamon\/wp-content\/uploads\/2022\/05\/Tlacitko-150x150.png 150w\" sizes=\"(max-width: 212px) 100vw, 212px\" \/>\t\t\t\t\t\t\t\t\t\t\t\t\t\t<\/div>\n\t\t\t\t\t<\/div>\n\t\t\t\t<\/div>\n\t\t\t\t<\/div>\n\t\t\t\t\t<\/div>\n\t\t<\/div>\n\t\t\t\t\t\t\t<\/div>\n\t\t<\/section>\n\t\t\t\t\t<\/div>\n\t\t<\/div>\n\t\t\t\t\t\t\t<\/div>\n\t\t<\/section>\n\t\t\t\t<section class=\"elementor-section elementor-top-section elementor-element elementor-element-d2517dd elementor-section-boxed elementor-section-height-default elementor-section-height-default\" data-id=\"d2517dd\" data-element_type=\"section\" data-settings=\"{&quot;background_background&quot;:&quot;classic&quot;}\">\n\t\t\t\t\t\t<div class=\"elementor-container elementor-column-gap-wider\">\n\t\t\t\t\t<div class=\"elementor-column elementor-col-50 elementor-top-column elementor-element elementor-element-6fde5ab5\" data-id=\"6fde5ab5\" data-element_type=\"column\">\n\t\t\t<div class=\"elementor-widget-wrap elementor-element-populated\">\n\t\t\t\t\t\t\t\t<div class=\"elementor-element elementor-element-32845b90 elementor-widget elementor-widget-heading\" data-id=\"32845b90\" data-element_type=\"widget\" data-widget_type=\"heading.default\">\n\t\t\t\t<div class=\"elementor-widget-container\">\n\t\t\t<style>\/*! elementor - v3.6.5 - 27-04-2022 *\/\n.elementor-heading-title{padding:0;margin:0;line-height:1}.elementor-widget-heading .elementor-heading-title[class*=elementor-size-]>a{color:inherit;font-size:inherit;line-height:inherit}.elementor-widget-heading .elementor-heading-title.elementor-size-small{font-size:15px}.elementor-widget-heading .elementor-heading-title.elementor-size-medium{font-size:19px}.elementor-widget-heading .elementor-heading-title.elementor-size-large{font-size:29px}.elementor-widget-heading .elementor-heading-title.elementor-size-xl{font-size:39px}.elementor-widget-heading .elementor-heading-title.elementor-size-xxl{font-size:59px}<\/style><h3 class=\"elementor-heading-title elementor-size-default\"><a href=\"https:\/\/www.youtube.com\/watch?v=CUjy8eDz_28\" target=\"_blank\">O filmu<\/a><\/h3>\t\t<\/div>\n\t\t\t\t<\/div>\n\t\t\t\t<div class=\"elementor-element elementor-element-29932859 elementor-widget elementor-widget-heading\" data-id=\"29932859\" data-element_type=\"widget\" data-widget_type=\"heading.default\">\n\t\t\t\t<div class=\"elementor-widget-container\">\n\t\t\t<h2 class=\"elementor-heading-title elementor-size-default\">Aquamo\u0148<\/h2>\t\t<\/div>\n\t\t\t\t<\/div>\n\t\t\t\t<div class=\"elementor-element elementor-element-5f4cdb4a elementor-widget elementor-widget-text-editor\" data-id=\"5f4cdb4a\" data-element_type=\"widget\" data-widget_type=\"text-editor.default\">\n\t\t\t\t<div class=\"elementor-widget-container\">\n\t\t\t<style>\/*! elementor - v3.6.5 - 27-04-2022 *\/\n.elementor-widget-text-editor.elementor-drop-cap-view-stacked .elementor-drop-cap{background-color:#818a91;color:#fff}.elementor-widget-text-editor.elementor-drop-cap-view-framed .elementor-drop-cap{color:#818a91;border:3px solid;background-color:transparent}.elementor-widget-text-editor:not(.elementor-drop-cap-view-default) .elementor-drop-cap{margin-top:8px}.elementor-widget-text-editor:not(.elementor-drop-cap-view-default) .elementor-drop-cap-letter{width:1em;height:1em}.elementor-widget-text-editor .elementor-drop-cap{float:left;text-align:center;line-height:1;font-size:50px}.elementor-widget-text-editor .elementor-drop-cap-letter{display:inline-block}<\/style>\t\t\t\t<p>T\u00e9matem filmu je mimozemsk\u00e1 mise dvou mimozem\u0161\u0165an\u016f, kte\u0159\u00ed p\u0159istanou na planet\u011b Zemi, aby jeden z nich prozkoumal lidskou rasu. Mise je zah\u00e1jena p\u0159estrojen\u00edm se za \u010dlov\u011bka a n\u00e1v\u0161t\u011bvou aquaparku, kde je zna\u010dn\u00e1 koncentrace lid\u00ed. Mimozem\u0161\u0165an zde bude m\u00edt mo\u017enost prozkoumat lidsk\u00e9 t\u011blo a spousty dal\u0161\u00edho. Po t\u011bchto z\u00e1\u017eitc\u00edch vyhodnot\u00ed, \u017ee mise je u konce. Kontaktuje sv\u00e9ho mimozemsk\u00e9ho kolegu, kter\u00fd se pro n\u011bj vrac\u00ed, a oba poznatkem vyd\u011b\u0161en\u00ed opou\u0161t\u011bj\u00ed planetu Zemi.\u00a0<\/p>\t\t\t\t\t\t<\/div>\n\t\t\t\t<\/div>\n\t\t\t\t\t<\/div>\n\t\t<\/div>\n\t\t\t\t<div class=\"elementor-column elementor-col-50 elementor-top-column elementor-element elementor-element-1bd9a60d\" data-id=\"1bd9a60d\" data-element_type=\"column\">\n\t\t\t<div class=\"elementor-widget-wrap elementor-element-populated\">\n\t\t\t\t\t\t\t\t<div class=\"elementor-element elementor-element-7f2d4da elementor-widget elementor-widget-image\" data-id=\"7f2d4da\" data-element_type=\"widget\" data-widget_type=\"image.default\">\n\t\t\t\t<div class=\"elementor-widget-container\">\n\t\t\t<style>\/*! elementor - v3.6.5 - 27-04-2022 *\/\n.elementor-widget-image{text-align:center}.elementor-widget-image a{display:inline-block}.elementor-widget-image a img[src$=\".svg\"]{width:48px}.elementor-widget-image img{vertical-align:middle;display:inline-block}<\/style>\t\t\t\t\t\t\t\t\t\t\t\t<img width=\"793\" height=\"1024\" src=\"https:\/\/www.hollarka.net\/2022\/aquamon\/wp-content\/uploads\/2022\/05\/FilmPng-2-793x1024.png\" class=\"attachment-large size-large\" alt=\"\" loading=\"lazy\" srcset=\"https:\/\/www.hollarka.net\/2022\/aquamon\/wp-content\/uploads\/2022\/05\/FilmPng-2-793x1024.png 793w, https:\/\/www.hollarka.net\/2022\/aquamon\/wp-content\/uploads\/2022\/05\/FilmPng-2-232x300.png 232w, https:\/\/www.hollarka.net\/2022\/aquamon\/wp-content\/uploads\/2022\/05\/FilmPng-2-768x992.png 768w, https:\/\/www.hollarka.net\/2022\/aquamon\/wp-content\/uploads\/2022\/05\/FilmPng-2.png 1092w\" sizes=\"(max-width: 793px) 100vw, 793px\" \/>\t\t\t\t\t\t\t\t\t\t\t\t\t\t\t<\/div>\n\t\t\t\t<\/div>\n\t\t\t\t\t<\/div>\n\t\t<\/div>\n\t\t\t\t\t\t\t<\/div>\n\t\t<\/section>\n\t\t\t\t<section class=\"elementor-section elementor-top-section elementor-element elementor-element-31b70305 elementor-section-boxed elementor-section-height-default elementor-section-height-default\" data-id=\"31b70305\" data-element_type=\"section\" data-settings=\"{&quot;background_background&quot;:&quot;classic&quot;}\">\n\t\t\t\t\t\t<div class=\"elementor-container elementor-column-gap-wider\">\n\t\t\t\t\t<div class=\"elementor-column elementor-col-50 elementor-top-column elementor-element elementor-element-339e77ed\" data-id=\"339e77ed\" data-element_type=\"column\">\n\t\t\t<div class=\"elementor-widget-wrap elementor-element-populated\">\n\t\t\t\t\t\t\t\t<div class=\"elementor-element elementor-element-3a8326d0 elementor-widget elementor-widget-image\" data-id=\"3a8326d0\" data-element_type=\"widget\" data-widget_type=\"image.default\">\n\t\t\t\t<div class=\"elementor-widget-container\">\n\t\t\t\t\t\t\t\t\t\t\t\t\t\t\t<img width=\"522\" height=\"944\" src=\"https:\/\/www.hollarka.net\/2022\/aquamon\/wp-content\/uploads\/2022\/05\/HraPng-1.png\" class=\"attachment-large size-large\" alt=\"\" loading=\"lazy\" srcset=\"https:\/\/www.hollarka.net\/2022\/aquamon\/wp-content\/uploads\/2022\/05\/HraPng-1.png 522w, https:\/\/www.hollarka.net\/2022\/aquamon\/wp-content\/uploads\/2022\/05\/HraPng-1-166x300.png 166w\" sizes=\"(max-width: 522px) 100vw, 522px\" \/>\t\t\t\t\t\t\t\t\t\t\t\t\t\t\t<\/div>\n\t\t\t\t<\/div>\n\t\t\t\t\t<\/div>\n\t\t<\/div>\n\t\t\t\t<div class=\"elementor-column elementor-col-50 elementor-top-column elementor-element elementor-element-78b2c52a\" data-id=\"78b2c52a\" data-element_type=\"column\">\n\t\t\t<div class=\"elementor-widget-wrap elementor-element-populated\">\n\t\t\t\t\t\t\t\t<div class=\"elementor-element elementor-element-21cb7e67 elementor-widget elementor-widget-heading\" data-id=\"21cb7e67\" data-element_type=\"widget\" data-widget_type=\"heading.default\">\n\t\t\t\t<div class=\"elementor-widget-container\">\n\t\t\t<h3 class=\"elementor-heading-title elementor-size-default\">O h\u0159e<\/h3>\t\t<\/div>\n\t\t\t\t<\/div>\n\t\t\t\t<div class=\"elementor-element elementor-element-b35ce3e elementor-widget elementor-widget-heading\" data-id=\"b35ce3e\" data-element_type=\"widget\" data-widget_type=\"heading.default\">\n\t\t\t\t<div class=\"elementor-widget-container\">\n\t\t\t<h2 class=\"elementor-heading-title elementor-size-default\">Aquamo\u0148<\/h2>\t\t<\/div>\n\t\t\t\t<\/div>\n\t\t\t\t<div class=\"elementor-element elementor-element-42700751 elementor-widget elementor-widget-text-editor\" data-id=\"42700751\" data-element_type=\"widget\" data-widget_type=\"text-editor.default\">\n\t\t\t\t<div class=\"elementor-widget-container\">\n\t\t\t\t\t\t\t<p>\u00dakolem hr\u00e1\u010de je pomoci \u0161ipek ovl\u00e1dat UFO lo\u010f a s n\u00ed prolet\u011bt \u00fazem\u00edm, ani\u017e by se dotkl jak\u00e9hokoliv objektu. Pokud se dotkne bari\u00e9ry nebo st\u011bny dr\u00e1hy, hra se spust\u00ed od za\u010d\u00e1tku. Mapa se bude pomalu zrychlovat, a tak bude \u010d\u00edm d\u00e1l obt\u00ed\u017en\u011bj\u0161\u00ed se vyhnout p\u0159ek\u00e1\u017ek\u00e1m.<\/p>\t\t\t\t\t\t<\/div>\n\t\t\t\t<\/div>\n\t\t\t\t<div class=\"elementor-element elementor-element-686669e elementor-widget elementor-widget-button\" data-id=\"686669e\" data-element_type=\"widget\" data-widget_type=\"button.default\">\n\t\t\t\t<div class=\"elementor-widget-container\">\n\t\t\t\t\t<div class=\"elementor-button-wrapper\">\n\t\t\t<a href=\"http:\/\/aquamon.xf.cz\/\" target=\"_blank\" class=\"elementor-button-link elementor-button elementor-size-sm elementor-animation-grow\" role=\"button\">\n\t\t\t\t\t\t<span class=\"elementor-button-content-wrapper\">\n\t\t\t\t\t\t\t<span class=\"elementor-button-icon elementor-align-icon-right\">\n\t\t\t\t<i aria-hidden=\"true\" class=\"fas fa-gamepad\"><\/i>\t\t\t<\/span>\n\t\t\t\t\t\t<span class=\"elementor-button-text\">spustit hru<\/span>\n\t\t<\/span>\n\t\t\t\t\t<\/a>\n\t\t<\/div>\n\t\t\t\t<\/div>\n\t\t\t\t<\/div>\n\t\t\t\t\t<\/div>\n\t\t<\/div>\n\t\t\t\t\t\t\t<\/div>\n\t\t<\/section>\n\t\t\t\t\t\t\t<\/div>\n\t\t","protected":false},"excerpt":{"rendered":"<p>https:\/\/www.hollarka.net\/2022\/aquamon\/wp-content\/uploads\/2022\/05\/FILM.mp4 O filmu Aquamo\u0148 T\u00e9matem filmu je mimozemsk\u00e1 mise dvou mimozem\u0161\u0165an\u016f, kte\u0159\u00ed p\u0159istanou na planet\u011b Zemi, aby jeden z nich prozkoumal lidskou rasu. Mise je zah\u00e1jena p\u0159estrojen\u00edm se za \u010dlov\u011bka a n\u00e1v\u0161t\u011bvou aquaparku, kde je zna\u010dn\u00e1 koncentrace lid\u00ed. Mimozem\u0161\u0165an zde bude m\u00edt mo\u017enost prozkoumat lidsk\u00e9 t\u011blo a spousty dal\u0161\u00edho. Po t\u011bchto z\u00e1\u017eitc\u00edch vyhodnot\u00ed, \u017ee mise [&hellip;]<\/p>\n","protected":false},"author":1,"featured_media":0,"parent":0,"menu_order":0,"comment_status":"closed","ping_status":"closed","template":"","meta":[],"_links":{"self":[{"href":"https:\/\/www.hollarka.net\/2022\/aquamon\/wp-json\/wp\/v2\/pages\/5"}],"collection":[{"href":"https:\/\/www.hollarka.net\/2022\/aquamon\/wp-json\/wp\/v2\/pages"}],"about":[{"href":"https:\/\/www.hollarka.net\/2022\/aquamon\/wp-json\/wp\/v2\/types\/page"}],"author":[{"embeddable":true,"href":"https:\/\/www.hollarka.net\/2022\/aquamon\/wp-json\/wp\/v2\/users\/1"}],"replies":[{"embeddable":true,"href":"https:\/\/www.hollarka.net\/2022\/aquamon\/wp-json\/wp\/v2\/comments?post=5"}],"version-history":[{"count":74,"href":"https:\/\/www.hollarka.net\/2022\/aquamon\/wp-json\/wp\/v2\/pages\/5\/revisions"}],"predecessor-version":[{"id":153,"href":"https:\/\/www.hollarka.net\/2022\/aquamon\/wp-json\/wp\/v2\/pages\/5\/revisions\/153"}],"wp:attachment":[{"href":"https:\/\/www.hollarka.net\/2022\/aquamon\/wp-json\/wp\/v2\/media?parent=5"}],"curies":[{"name":"wp","href":"https:\/\/api.w.org\/{rel}","templated":true}]}}